{"id":53,"date":"2026-04-26T18:47:00","date_gmt":"2026-04-26T18:47:00","guid":{"rendered":"https:\/\/sunpharma.com\/ca\/nos-domaines-dintervention\/"},"modified":"2026-04-28T04:21:41","modified_gmt":"2026-04-28T04:21:41","slug":"nos-domaines-dintervention","status":"publish","type":"page","link":"https:\/\/sunpharma.com\/ca\/fr\/nos-domaines-dintervention\/","title":{"rendered":"Nos domaines d\u2019intervention"},"content":{"rendered":"\t\t<div data-elementor-type=\"wp-page\" data-elementor-id=\"53\" class=\"elementor elementor-53\">\n\t\t\t\t<div class=\"elementor-element elementor-element-3aaf8df9 sub-menu e-flex e-con-boxed e-con e-parent\" data-id=\"3aaf8df9\" data-element_type=\"container\" data-e-type=\"container\" data-settings=\"{&quot;background_background&quot;:&quot;classic&quot;}\">\n\t\t\t\t\t<div class=\"e-con-inner\">\n\t\t\t\t<div class=\"elementor-element elementor-element-5f6ea787 elementor-widget elementor-widget-html\" data-id=\"5f6ea787\" data-element_type=\"widget\" data-e-type=\"widget\" data-widget_type=\"html.default\">\n\t\t\t\t\t<div class=\"menu\">\r\n    <a href=\"#introduction\" class=\"active\">Introduction<\/a>\r\n    <a href=\"#innovative\">M\u00e9dicaments novateurs<\/a>\r\n    <a href=\"#generic\">G\u00e9n\u00e9riques<\/a>\r\n    <a href=\"#consumer-healthcare\">Sant\u00e9 grand public<\/a>\r\n<\/div>\t\t\t\t<\/div>\n\t\t\t\t\t<\/div>\n\t\t\t\t<\/div>\n\t\t<div class=\"elementor-element elementor-element-7864658b elementor-hidden-desktop elementor-hidden-tablet e-flex e-con-boxed e-con e-parent\" data-id=\"7864658b\" data-element_type=\"container\" data-e-type=\"container\">\n\t\t\t\t\t<div class=\"e-con-inner\">\n\t\t\t\t<div class=\"elementor-element elementor-element-ba5f2b0 elementor-widget elementor-widget-image\" data-id=\"ba5f2b0\" data-element_type=\"widget\" data-e-type=\"widget\" data-widget_type=\"image.default\">\n\t\t\t\t\t\t\t\t\t\t\t\t\t\t\t<img fetchpriority=\"high\" decoding=\"async\" width=\"1440\" height=\"607\" src=\"https:\/\/sunpharma.com\/ca\/wp-content\/uploads\/sites\/3\/2026\/04\/our-areas-of-focus.jpg\" class=\"attachment-full size-full wp-image-54\" alt=\"\" srcset=\"https:\/\/sunpharma.com\/ca\/wp-content\/uploads\/sites\/3\/2026\/04\/our-areas-of-focus.jpg 1440w, https:\/\/sunpharma.com\/ca\/wp-content\/uploads\/sites\/3\/2026\/04\/our-areas-of-focus-300x126.jpg 300w, https:\/\/sunpharma.com\/ca\/wp-content\/uploads\/sites\/3\/2026\/04\/our-areas-of-focus-1024x432.jpg 1024w, https:\/\/sunpharma.com\/ca\/wp-content\/uploads\/sites\/3\/2026\/04\/our-areas-of-focus-768x324.jpg 768w\" sizes=\"(max-width: 1440px) 100vw, 1440px\" \/>\t\t\t\t\t\t\t\t\t\t\t\t\t\t\t<\/div>\n\t\t\t\t\t<\/div>\n\t\t\t\t<\/div>\n\t\t<div class=\"elementor-element elementor-element-4c343514 e-con-full e-flex e-con e-parent\" data-id=\"4c343514\" data-element_type=\"container\" data-e-type=\"container\" id=\"introduction\" data-settings=\"{&quot;background_background&quot;:&quot;classic&quot;}\">\n\t\t<div class=\"elementor-element elementor-element-70a58ca3 e-con-full hero-left e-flex e-con e-child\" data-id=\"70a58ca3\" data-element_type=\"container\" data-e-type=\"container\" data-settings=\"{&quot;background_background&quot;:&quot;classic&quot;}\">\n\t\t\t\t<div class=\"elementor-element elementor-element-20907a14 medical-heading elementor-widget elementor-widget-heading\" data-id=\"20907a14\" data-element_type=\"widget\" data-e-type=\"widget\" data-widget_type=\"heading.default\">\n\t\t\t\t\t<h1 class=\"elementor-heading-title elementor-size-default\"><span>Nos<\/span>\n<span>domaines<\/span>\n<span>d\u2019<\/span>\n<span>intervention<\/span><\/h1>\t\t\t\t<\/div>\n\t\t\t\t<div class=\"elementor-element elementor-element-5e4f2b02 elementor-widget elementor-widget-heading\" data-id=\"5e4f2b02\" data-element_type=\"widget\" data-e-type=\"widget\" data-widget_type=\"heading.default\">\n\t\t\t\t\t<h2 class=\"elementor-heading-title elementor-size-default\">Nous proposons un portefeuille complet, diversifi\u00e9 et <span class=\"orange\">hautement compl\u00e9mentaire de m\u00e9dicaments<\/span> ciblant un large \u00e9ventail de maladies chroniques et aigu\u00ebs.<\/h2>\t\t\t\t<\/div>\n\t\t\t\t<\/div>\n\t\t\t\t<\/div>\n\t\t<div class=\"elementor-element elementor-element-e62fa33 e-flex e-con-boxed e-con e-parent\" data-id=\"e62fa33\" data-element_type=\"container\" data-e-type=\"container\" data-settings=\"{&quot;background_background&quot;:&quot;classic&quot;}\">\n\t\t\t\t\t<div class=\"e-con-inner\">\n\t\t<div class=\"elementor-element elementor-element-24f4754c e-con-full e-grid e-con e-child\" data-id=\"24f4754c\" data-element_type=\"container\" data-e-type=\"container\">\n\t\t<div class=\"elementor-element elementor-element-2312ab08 e-con-full e-flex e-con e-child\" data-id=\"2312ab08\" data-element_type=\"container\" data-e-type=\"container\">\n\t\t\t\t<div class=\"elementor-element elementor-element-9b14c61 elementor-widget elementor-widget-text-editor\" data-id=\"9b14c61\" data-element_type=\"widget\" data-e-type=\"widget\" data-widget_type=\"text-editor.default\">\n\t\t\t\t\t\t\t\t\tNotre portefeuille de produits comprend des m\u00e9dicaments novateurs, des g\u00e9n\u00e9riques et <strong>des produits de sant\u00e9 grand public<\/strong>.\t\t\t\t\t\t\t\t<\/div>\n\t\t\t\t<\/div>\n\t\t<div class=\"elementor-element elementor-element-5cb978d6 e-con-full e-flex e-con e-child\" data-id=\"5cb978d6\" data-element_type=\"container\" data-e-type=\"container\">\n\t\t\t\t<div class=\"elementor-element elementor-element-2c744e92 elementor-widget elementor-widget-text-editor\" data-id=\"2c744e92\" data-element_type=\"widget\" data-e-type=\"widget\" data-widget_type=\"text-editor.default\">\n\t\t\t\t\t\t\t\t\tNotre pr\u00e9sence dans plus de 100 pays nous permet de r\u00e9pondre aux besoins locaux en mati\u00e8re de traitement tout en am\u00e9liorant constamment notre offre de produits \u00e0 l\u2019\u00e9chelle mondiale.\t\t\t\t\t\t\t\t<\/div>\n\t\t\t\t<\/div>\n\t\t\t\t<\/div>\n\t\t\t\t\t<\/div>\n\t\t\t\t<\/div>\n\t\t<div class=\"elementor-element elementor-element-43ac206a e-flex e-con-boxed e-con e-parent\" data-id=\"43ac206a\" data-element_type=\"container\" data-e-type=\"container\" id=\"innovative\">\n\t\t\t\t\t<div class=\"e-con-inner\">\n\t\t<div class=\"elementor-element elementor-element-76138763 e-con-full e-flex e-con e-child\" data-id=\"76138763\" data-element_type=\"container\" data-e-type=\"container\">\n\t\t\t\t<div class=\"elementor-element elementor-element-6084f4bb elementor-widget elementor-widget-heading\" data-id=\"6084f4bb\" data-element_type=\"widget\" data-e-type=\"widget\" data-widget_type=\"heading.default\">\n\t\t\t\t\t<h3 class=\"elementor-heading-title elementor-size-default\">M\u00e9dicaments novateurs<\/h3>\t\t\t\t<\/div>\n\t\t\t\t<div class=\"elementor-element elementor-element-339cab6 elementor-widget elementor-widget-text-editor\" data-id=\"339cab6\" data-element_type=\"widget\" data-e-type=\"widget\" data-widget_type=\"text-editor.default\">\n\t\t\t\t\t\t\t\t\tSun Pharma Canada Inc. a constitu\u00e9 un portefeuille de m\u00e9dicaments novateurs, destin\u00e9s \u00e0 la vente au d\u00e9tail et de sp\u00e9cialit\u00e9s, pour les patients canadiens atteints de nombreuses maladies, en dermatologie m\u00e9dicale, en produits biologiques, en oncologie, en ophtalmologie et plus encore. Gr\u00e2ce \u00e0 nos capacit\u00e9s mondiales permettant de soutenir et de d\u00e9velopper Sun Pharma Canada Inc., nous avons accompagn\u00e9 la croissance de cette entreprise en pleine \u00e9volution gr\u00e2ce \u00e0 une attention accrue et \u00e0 des investissements strat\u00e9giques. Notre objectif est d\u2019am\u00e9liorer les r\u00e9sultats pour les patients en r\u00e9pondant \u00e0 des besoins m\u00e9dicaux non satisfaits ou en am\u00e9liorant leur confort gr\u00e2ce \u00e0 des formes posologiques diff\u00e9renci\u00e9es et \u00e0 un meilleur acc\u00e8s. Aujourd\u2019hui, nous nous concentrons sur la croissance de notre division de m\u00e9dicaments novateurs au Canada en tirant parti de plateformes innovantes et r\u00e9volutionnaires pour \u00e9largir notre portefeuille de produits.\t\t\t\t\t\t\t\t<\/div>\n\t\t\t\t<\/div>\n\t\t<div class=\"elementor-element elementor-element-6d0d5575 e-con-full e-flex e-con e-child\" data-id=\"6d0d5575\" data-element_type=\"container\" data-e-type=\"container\">\n\t\t\t\t<div class=\"elementor-element elementor-element-4a0b5c75 elementor-widget elementor-widget-image\" data-id=\"4a0b5c75\" data-element_type=\"widget\" data-e-type=\"widget\" data-widget_type=\"image.default\">\n\t\t\t\t\t\t\t\t\t\t\t\t\t\t\t<img decoding=\"async\" width=\"800\" height=\"533\" src=\"https:\/\/sunpharma.com\/ca\/wp-content\/uploads\/sites\/3\/2026\/04\/Innovative-Medicines.jpg\" class=\"attachment-full size-full wp-image-55\" alt=\"\" srcset=\"https:\/\/sunpharma.com\/ca\/wp-content\/uploads\/sites\/3\/2026\/04\/Innovative-Medicines.jpg 800w, https:\/\/sunpharma.com\/ca\/wp-content\/uploads\/sites\/3\/2026\/04\/Innovative-Medicines-300x200.jpg 300w, https:\/\/sunpharma.com\/ca\/wp-content\/uploads\/sites\/3\/2026\/04\/Innovative-Medicines-768x512.jpg 768w\" sizes=\"(max-width: 800px) 100vw, 800px\" \/>\t\t\t\t\t\t\t\t\t\t\t\t\t\t\t<\/div>\n\t\t\t\t<\/div>\n\t\t\t\t\t<\/div>\n\t\t\t\t<\/div>\n\t\t<div class=\"elementor-element elementor-element-5c98fac4 e-flex e-con-boxed e-con e-parent\" data-id=\"5c98fac4\" data-element_type=\"container\" data-e-type=\"container\" id=\"generic\">\n\t\t\t\t\t<div class=\"e-con-inner\">\n\t\t<div class=\"elementor-element elementor-element-e2afd96 e-con-full e-flex e-con e-child\" data-id=\"e2afd96\" data-element_type=\"container\" data-e-type=\"container\">\n\t\t\t\t<div class=\"elementor-element elementor-element-35fca120 elementor-widget elementor-widget-image\" data-id=\"35fca120\" data-element_type=\"widget\" data-e-type=\"widget\" data-widget_type=\"image.default\">\n\t\t\t\t\t\t\t\t\t\t\t\t\t\t\t<img decoding=\"async\" width=\"607\" height=\"453\" src=\"https:\/\/sunpharma.com\/ca\/wp-content\/uploads\/sites\/3\/2026\/04\/Generics.jpg\" class=\"attachment-full size-full wp-image-56\" alt=\"\" srcset=\"https:\/\/sunpharma.com\/ca\/wp-content\/uploads\/sites\/3\/2026\/04\/Generics.jpg 607w, https:\/\/sunpharma.com\/ca\/wp-content\/uploads\/sites\/3\/2026\/04\/Generics-300x224.jpg 300w\" sizes=\"(max-width: 607px) 100vw, 607px\" \/>\t\t\t\t\t\t\t\t\t\t\t\t\t\t\t<\/div>\n\t\t\t\t<\/div>\n\t\t<div class=\"elementor-element elementor-element-7d7b03e1 e-con-full e-flex e-con e-child\" data-id=\"7d7b03e1\" data-element_type=\"container\" data-e-type=\"container\">\n\t\t\t\t<div class=\"elementor-element elementor-element-3902b3c6 elementor-widget elementor-widget-heading\" data-id=\"3902b3c6\" data-element_type=\"widget\" data-e-type=\"widget\" data-widget_type=\"heading.default\">\n\t\t\t\t\t<h3 class=\"elementor-heading-title elementor-size-default\">G\u00e9n\u00e9riques<\/h3>\t\t\t\t<\/div>\n\t\t\t\t<div class=\"elementor-element elementor-element-47c79dd0 elementor-widget elementor-widget-text-editor\" data-id=\"47c79dd0\" data-element_type=\"widget\" data-e-type=\"widget\" data-widget_type=\"text-editor.default\">\n\t\t\t\t\t\t\t\t\tChez Sun Pharma Canada Inc., nous \u00e9largissons l\u2019acc\u00e8s \u00e0 des m\u00e9dicaments abordables, afin que des millions de Canadiens puissent recevoir les traitements dont ils ont besoin. Gr\u00e2ce \u00e0 notre gamme de produits g\u00e9n\u00e9riques, nous aidons les patients et les professionnels de la sant\u00e9 \u00e0 prendre en charge un large \u00e9ventail d\u2019affections, des maladies chroniques aux soins sp\u00e9cialis\u00e9s complexes.\t\t\t\t\t\t\t\t<\/div>\n\t\t\t\t<div class=\"elementor-element elementor-element-6912d92c elementor-widget elementor-widget-text-editor\" data-id=\"6912d92c\" data-element_type=\"widget\" data-e-type=\"widget\" data-widget_type=\"text-editor.default\">\n\t\t\t\t\t\t\t\t\tNos produits se distinguent par leur diff\u00e9renciation technologique et couvrent toute la gamme des formes posologiques, y compris les comprim\u00e9s, les g\u00e9lules, les injectables, les pommades, les cr\u00e8mes et les liquides. Nos produits g\u00e9n\u00e9riques couvrent un large \u00e9ventail de domaines th\u00e9rapeutiques, notamment la psychiatrie, les anti-infectieux, la neurologie, la cardiologie, l\u2019orthop\u00e9die, la diab\u00e9tologie, la gastro-ent\u00e9rologie, la n\u00e9phrologie, l\u2019urologie, la dermatologie, la gyn\u00e9cologie, les maladies respiratoires, l\u2019oncologie et la dentisterie.\t\t\t\t\t\t\t\t<\/div>\n\t\t\t\t<\/div>\n\t\t\t\t\t<\/div>\n\t\t\t\t<\/div>\n\t\t<div class=\"elementor-element elementor-element-3d973af4 e-flex e-con-boxed e-con e-parent\" data-id=\"3d973af4\" data-element_type=\"container\" data-e-type=\"container\" id=\"consumer-healthcare\">\n\t\t\t\t\t<div class=\"e-con-inner\">\n\t\t<div class=\"elementor-element elementor-element-6c95b98b e-con-full e-flex e-con e-child\" data-id=\"6c95b98b\" data-element_type=\"container\" data-e-type=\"container\">\n\t\t\t\t<div class=\"elementor-element elementor-element-134985bb elementor-widget elementor-widget-heading\" data-id=\"134985bb\" data-element_type=\"widget\" data-e-type=\"widget\" data-widget_type=\"heading.default\">\n\t\t\t\t\t<h3 class=\"elementor-heading-title elementor-size-default\">Sant\u00e9 grand public<\/h3>\t\t\t\t<\/div>\n\t\t\t\t<div class=\"elementor-element elementor-element-2bdaa248 elementor-widget elementor-widget-text-editor\" data-id=\"2bdaa248\" data-element_type=\"widget\" data-e-type=\"widget\" data-widget_type=\"text-editor.default\">\n\t\t\t\t\t\t\t\t\tNous proposons une gamme de produits de sant\u00e9 grand public qui offrent aux consommateurs des traitements fiables et facilement accessibles pour un large \u00e9ventail d\u2019affections. Notre portefeuille de produits de sant\u00e9 grand public comprend des traitements contre la perte de cheveux, les boutons de fi\u00e8vre, les infections cutan\u00e9es fongiques et bact\u00e9riennes, le soulagement de la douleur et d\u2019autres affections. Gr\u00e2ce \u00e0 nos ressources mondiales et \u00e0 nos capacit\u00e9s locales, nous collaborons avec des partenaires d\u00e9taillants partout au Canada afin de fournir des traitements fiables et rentables \u00e0 certaines des plus grandes cha\u00eenes de pharmacies, de magasins de d\u00e9tail et de commerce \u00e9lectronique du pays.\t\t\t\t\t\t\t\t<\/div>\n\t\t\t\t<\/div>\n\t\t<div class=\"elementor-element elementor-element-5f696e55 e-con-full e-flex e-con e-child\" data-id=\"5f696e55\" data-element_type=\"container\" data-e-type=\"container\">\n\t\t\t\t<div class=\"elementor-element elementor-element-6545b3ef elementor-widget elementor-widget-image\" data-id=\"6545b3ef\" data-element_type=\"widget\" data-e-type=\"widget\" data-widget_type=\"image.default\">\n\t\t\t\t\t\t\t\t\t\t\t\t\t\t\t<img loading=\"lazy\" decoding=\"async\" width=\"800\" height=\"533\" src=\"https:\/\/sunpharma.com\/ca\/wp-content\/uploads\/sites\/3\/2026\/04\/Consumer-Healthcare.jpg\" class=\"attachment-full size-full wp-image-57\" alt=\"\" srcset=\"https:\/\/sunpharma.com\/ca\/wp-content\/uploads\/sites\/3\/2026\/04\/Consumer-Healthcare.jpg 800w, https:\/\/sunpharma.com\/ca\/wp-content\/uploads\/sites\/3\/2026\/04\/Consumer-Healthcare-300x200.jpg 300w, https:\/\/sunpharma.com\/ca\/wp-content\/uploads\/sites\/3\/2026\/04\/Consumer-Healthcare-768x512.jpg 768w\" sizes=\"(max-width: 800px) 100vw, 800px\" \/>\t\t\t\t\t\t\t\t\t\t\t\t\t\t\t<\/div>\n\t\t\t\t<\/div>\n\t\t\t\t\t<\/div>\n\t\t\t\t<\/div>\n\t\t\t\t<\/div>\n\t\t","protected":false},"excerpt":{"rendered":"<p>Introduction M\u00e9dicaments novateurs G\u00e9n\u00e9riques Sant\u00e9 grand public Nos domaines d\u2019 intervention Nous proposons un portefeuille complet, diversifi\u00e9 et hautement compl\u00e9mentaire de m\u00e9dicaments ciblant un large \u00e9ventail de maladies chroniques et aigu\u00ebs. Notre portefeuille de produits comprend des m\u00e9dicaments novateurs, des g\u00e9n\u00e9riques et des produits de sant\u00e9 grand public.Notre pr\u00e9sence dans plus de 100 pays nous [&hellip;]<\/p>\n","protected":false},"author":4,"featured_media":0,"parent":79,"menu_order":0,"comment_status":"closed","ping_status":"closed","template":"","meta":{"inline_featured_image":false,"footnotes":""},"class_list":["post-53","page","type-page","status-publish","hentry"],"yoast_head":"<!-- This site is optimized with the Yoast SEO plugin v27.4 - https:\/\/yoast.com\/product\/yoast-seo-wordpress\/ -->\n<title>Nos domaines d\u2019intervention | Portefeuille th\u00e9rapeutique et de produits de Sun Pharma Canada Inc.<\/title>\n<meta name=\"description\" content=\"D\u00e9couvrez les principaux domaines d\u2019activit\u00e9 de Sun Pharma Canada Inc., notamment les m\u00e9dicaments novateurs, les g\u00e9n\u00e9riques et les produits de sant\u00e9 grand public. D\u00e9couvrez comment nous aidons les patients canadiens dans divers domaines th\u00e9rapeutiques en leur proposant des traitements accessibles et de haute qualit\u00e9.\" \/>\n<meta name=\"robots\" content=\"index, follow, max-snippet:-1, max-image-preview:large, max-video-preview:-1\" \/>\n<link rel=\"canonical\" href=\"https:\/\/sunpharma.com\/ca\/fr\/nos-domaines-dintervention\/\" \/>\n<meta property=\"og:locale\" content=\"en_US\" \/>\n<meta property=\"og:type\" content=\"article\" \/>\n<meta property=\"og:title\" content=\"Nos domaines d\u2019intervention | Portefeuille th\u00e9rapeutique et de produits de Sun Pharma Canada Inc.\" \/>\n<meta property=\"og:description\" content=\"D\u00e9couvrez les principaux domaines d\u2019activit\u00e9 de Sun Pharma Canada Inc., notamment les m\u00e9dicaments novateurs, les g\u00e9n\u00e9riques et les produits de sant\u00e9 grand public. D\u00e9couvrez comment nous aidons les patients canadiens dans divers domaines th\u00e9rapeutiques en leur proposant des traitements accessibles et de haute qualit\u00e9.\" \/>\n<meta property=\"og:url\" content=\"https:\/\/sunpharma.com\/ca\/fr\/nos-domaines-dintervention\/\" \/>\n<meta property=\"og:site_name\" content=\"Canada\" \/>\n<meta property=\"article:modified_time\" content=\"2026-04-28T04:21:41+00:00\" \/>\n<meta property=\"og:image\" content=\"https:\/\/sunpharma.com\/ca\/wp-content\/uploads\/sites\/3\/2026\/04\/our-areas-of-focus.jpg\" \/>\n\t<meta property=\"og:image:width\" content=\"1440\" \/>\n\t<meta property=\"og:image:height\" content=\"607\" \/>\n\t<meta property=\"og:image:type\" content=\"image\/jpeg\" \/>\n<meta name=\"twitter:card\" content=\"summary_large_image\" \/>\n<meta name=\"twitter:label1\" content=\"Est. reading time\" \/>\n\t<meta name=\"twitter:data1\" content=\"2 minutes\" \/>\n<!-- \/ Yoast SEO plugin. -->","yoast_head_json":{"title":"Nos domaines d\u2019intervention | Portefeuille th\u00e9rapeutique et de produits de Sun Pharma Canada Inc.","description":"D\u00e9couvrez les principaux domaines d\u2019activit\u00e9 de Sun Pharma Canada Inc., notamment les m\u00e9dicaments novateurs, les g\u00e9n\u00e9riques et les produits de sant\u00e9 grand public. D\u00e9couvrez comment nous aidons les patients canadiens dans divers domaines th\u00e9rapeutiques en leur proposant des traitements accessibles et de haute qualit\u00e9.","robots":{"index":"index","follow":"follow","max-snippet":"max-snippet:-1","max-image-preview":"max-image-preview:large","max-video-preview":"max-video-preview:-1"},"canonical":"https:\/\/sunpharma.com\/ca\/fr\/nos-domaines-dintervention\/","og_locale":"en_US","og_type":"article","og_title":"Nos domaines d\u2019intervention | Portefeuille th\u00e9rapeutique et de produits de Sun Pharma Canada Inc.","og_description":"D\u00e9couvrez les principaux domaines d\u2019activit\u00e9 de Sun Pharma Canada Inc., notamment les m\u00e9dicaments novateurs, les g\u00e9n\u00e9riques et les produits de sant\u00e9 grand public. D\u00e9couvrez comment nous aidons les patients canadiens dans divers domaines th\u00e9rapeutiques en leur proposant des traitements accessibles et de haute qualit\u00e9.","og_url":"https:\/\/sunpharma.com\/ca\/fr\/nos-domaines-dintervention\/","og_site_name":"Canada","article_modified_time":"2026-04-28T04:21:41+00:00","og_image":[{"width":1440,"height":607,"url":"https:\/\/sunpharma.com\/ca\/wp-content\/uploads\/sites\/3\/2026\/04\/our-areas-of-focus.jpg","type":"image\/jpeg"}],"twitter_card":"summary_large_image","twitter_misc":{"Est. reading time":"2 minutes"},"schema":{"@context":"https:\/\/schema.org","@graph":[{"@type":"WebPage","@id":"https:\/\/sunpharma.com\/ca\/fr\/nos-domaines-dintervention\/","url":"https:\/\/sunpharma.com\/ca\/fr\/nos-domaines-dintervention\/","name":"Nos domaines d\u2019intervention | Portefeuille th\u00e9rapeutique et de produits de Sun Pharma Canada Inc.","isPartOf":{"@id":"https:\/\/sunpharma.com\/ca\/#website"},"primaryImageOfPage":{"@id":"https:\/\/sunpharma.com\/ca\/fr\/nos-domaines-dintervention\/#primaryimage"},"image":{"@id":"https:\/\/sunpharma.com\/ca\/fr\/nos-domaines-dintervention\/#primaryimage"},"thumbnailUrl":"https:\/\/sunpharma.com\/ca\/wp-content\/uploads\/sites\/3\/2026\/04\/our-areas-of-focus.jpg","datePublished":"2026-04-26T18:47:00+00:00","dateModified":"2026-04-28T04:21:41+00:00","description":"D\u00e9couvrez les principaux domaines d\u2019activit\u00e9 de Sun Pharma Canada Inc., notamment les m\u00e9dicaments novateurs, les g\u00e9n\u00e9riques et les produits de sant\u00e9 grand public. D\u00e9couvrez comment nous aidons les patients canadiens dans divers domaines th\u00e9rapeutiques en leur proposant des traitements accessibles et de haute qualit\u00e9.","breadcrumb":{"@id":"https:\/\/sunpharma.com\/ca\/fr\/nos-domaines-dintervention\/#breadcrumb"},"inLanguage":"en-US","potentialAction":[{"@type":"ReadAction","target":["https:\/\/sunpharma.com\/ca\/fr\/nos-domaines-dintervention\/"]}]},{"@type":"ImageObject","inLanguage":"en-US","@id":"https:\/\/sunpharma.com\/ca\/fr\/nos-domaines-dintervention\/#primaryimage","url":"https:\/\/sunpharma.com\/ca\/wp-content\/uploads\/sites\/3\/2026\/04\/our-areas-of-focus.jpg","contentUrl":"https:\/\/sunpharma.com\/ca\/wp-content\/uploads\/sites\/3\/2026\/04\/our-areas-of-focus.jpg","width":1440,"height":607},{"@type":"BreadcrumbList","@id":"https:\/\/sunpharma.com\/ca\/fr\/nos-domaines-dintervention\/#breadcrumb","itemListElement":[{"@type":"ListItem","position":1,"name":"Home","item":"https:\/\/sunpharma.com\/ca\/"},{"@type":"ListItem","position":2,"name":"FR","item":"https:\/\/sunpharma.com\/ca\/fr\/"},{"@type":"ListItem","position":3,"name":"Nos domaines d\u2019intervention"}]},{"@type":"WebSite","@id":"https:\/\/sunpharma.com\/ca\/#website","url":"https:\/\/sunpharma.com\/ca\/","name":"Canada","description":"","publisher":{"@id":"https:\/\/sunpharma.com\/ca\/#organization"},"potentialAction":[{"@type":"SearchAction","target":{"@type":"EntryPoint","urlTemplate":"https:\/\/sunpharma.com\/ca\/?s={search_term_string}"},"query-input":{"@type":"PropertyValueSpecification","valueRequired":true,"valueName":"search_term_string"}}],"inLanguage":"en-US"},{"@type":"Organization","@id":"https:\/\/sunpharma.com\/ca\/#organization","name":"Canada","url":"https:\/\/sunpharma.com\/ca\/","logo":{"@type":"ImageObject","inLanguage":"en-US","@id":"https:\/\/sunpharma.com\/ca\/#\/schema\/logo\/image\/","url":"https:\/\/sunpharma.com\/ca\/wp-content\/uploads\/sites\/3\/2026\/04\/cropped-logo.png","contentUrl":"https:\/\/sunpharma.com\/ca\/wp-content\/uploads\/sites\/3\/2026\/04\/cropped-logo.png","width":80,"height":105,"caption":"Canada"},"image":{"@id":"https:\/\/sunpharma.com\/ca\/#\/schema\/logo\/image\/"}}]}},"_links":{"self":[{"href":"https:\/\/sunpharma.com\/ca\/wp-json\/wp\/v2\/pages\/53","targetHints":{"allow":["GET"]}}],"collection":[{"href":"https:\/\/sunpharma.com\/ca\/wp-json\/wp\/v2\/pages"}],"about":[{"href":"https:\/\/sunpharma.com\/ca\/wp-json\/wp\/v2\/types\/page"}],"author":[{"embeddable":true,"href":"https:\/\/sunpharma.com\/ca\/wp-json\/wp\/v2\/users\/4"}],"replies":[{"embeddable":true,"href":"https:\/\/sunpharma.com\/ca\/wp-json\/wp\/v2\/comments?post=53"}],"version-history":[{"count":10,"href":"https:\/\/sunpharma.com\/ca\/wp-json\/wp\/v2\/pages\/53\/revisions"}],"predecessor-version":[{"id":344,"href":"https:\/\/sunpharma.com\/ca\/wp-json\/wp\/v2\/pages\/53\/revisions\/344"}],"up":[{"embeddable":true,"href":"https:\/\/sunpharma.com\/ca\/wp-json\/wp\/v2\/pages\/79"}],"wp:attachment":[{"href":"https:\/\/sunpharma.com\/ca\/wp-json\/wp\/v2\/media?parent=53"}],"curies":[{"name":"wp","href":"https:\/\/api.w.org\/{rel}","templated":true}]}}